{"id":4111,"date":"2018-08-21T12:59:14","date_gmt":"2018-08-21T12:59:14","guid":{"rendered":"https:\/\/sahel.qodeinteractive.com\/elementor\/?page_id=4111"},"modified":"2023-05-14T20:31:41","modified_gmt":"2023-05-14T20:31:41","slug":"horizontally-scrolling","status":"publish","type":"page","link":"https:\/\/xn--guadalupeaez-ihbb.com\/","title":{"rendered":"Portfolio"},"content":{"rendered":"\t\t<div data-elementor-type=\"wp-page\" data-elementor-id=\"4111\" class=\"elementor elementor-4111\">\n\t\t\t\t\t\t\t\t\t<section class=\"elementor-section elementor-top-section elementor-element elementor-element-d368580 elementor-section-full_width elementor-section-height-default elementor-section-height-default eltdf-parallax-row-no eltdf-content-aligment-left eltdf-elementor-row-grid-no eltdf-disabled-bg-image-bellow-no\" data-id=\"d368580\" data-element_type=\"section\">\n\t\t\t\t\t\t<div class=\"elementor-container elementor-column-gap-default\">\n\t\t\t\t\t<div class=\"elementor-column elementor-col-100 elementor-top-column elementor-element elementor-element-ac10154\" data-id=\"ac10154\" data-element_type=\"column\">\n\t\t\t<div class=\"elementor-widget-wrap elementor-element-populated\">\n\t\t\t\t\t\t\t\t<div class=\"elementor-element elementor-element-5776305 elementor-widget elementor-widget-eltdf_horizontaly_scrolling_portfolio_list\" data-id=\"5776305\" data-element_type=\"widget\" data-widget_type=\"eltdf_horizontaly_scrolling_portfolio_list.default\">\n\t\t\t\t<div class=\"elementor-widget-container\">\n\t\t\t<div class=\"eltdf-horizontaly-scrolling-portfolio-holder-outer\">\n    <div class=\"eltdf-horizontaly-scrolling-portfolio-holder eltdf-hsp-has-featured\" data-header-decrease=yes data-content-bottom-decrease=yes>\n        <div class=\"eltdf-hspl-lines-holder\">\n                        <span class=\"eltdf-lines-col\"><\/span>\n                        <span class=\"eltdf-lines-col\"><\/span>\n                        <span class=\"eltdf-lines-col\"><\/span>\n                        <span class=\"eltdf-lines-col\"><\/span>\n                        <span class=\"eltdf-lines-col\"><\/span>\n                    <\/div>\n        <div class=\"eltdf-hspl-inner\">\n            \n<article class=\"eltdf-hspl-item eltdf-hspl-featured post-9577 portfolio-item type-portfolio-item status-publish has-post-thumbnail hentry portfolio-category-guadalupe-nanez\">\n\t<div class=\"eltdf-hspl-item-inner\">\n        <div class=\"eltdf-hspl-item-holder-inner\">\n            <div class=\"eltdf-hspli-image\">\n\t<img width=\"424\" height=\"424\" src=\"https:\/\/xn--guadalupeaez-ihbb.com\/wp-content\/uploads\/2023\/05\/Guada-e1684154009712.jpg\" class=\"attachment-full size-full wp-post-image\" alt=\"\" loading=\"lazy\" srcset=\"https:\/\/xn--guadalupeaez-ihbb.com\/wp-content\/uploads\/2023\/05\/Guada-e1684154009712.jpg 424w, https:\/\/xn--guadalupeaez-ihbb.com\/wp-content\/uploads\/2023\/05\/Guada-e1684154009712-300x300.jpg 300w, https:\/\/xn--guadalupeaez-ihbb.com\/wp-content\/uploads\/2023\/05\/Guada-e1684154009712-150x150.jpg 150w\" sizes=\"(max-width: 424px) 100vw, 424px\" \/><\/div>\n            <div class=\"eltdf-hspli-text-holder\">\n                <div class=\"eltdf-hspli-text-wrapper\">\n                    <div class=\"eltdf-hspli-text\">\n                            <div class=\"eltdf-hspli-category-holder\">\n        <h6 class=\"eltdf-hspli-category-name\">\n                    <a itemprop=\"url\" class=\"eltdf-hspli-category\" href=\"https:\/\/xn--guadalupeaez-ihbb.com\/?portfolio-category=guadalupe-nanez\">Guadalupe \u00d1a\u00f1ez<\/a>\n                <\/h6>\n    <\/div>\n\n                        \n<h4 itemprop=\"name\" class=\"eltdf-hspli-title entry-title\">\n    Sobre M\u00ed<\/h4>\n                    <\/div>\n                <\/div>\n            <\/div>\n            <a itemprop=\"url\" class=\"eltdf-hspli-link\" href=\"https:\/\/xn--guadalupeaez-ihbb.com\/?portfolio-item=sobre-mi\" target=\"_self\"><\/a>\n        <\/div>\n\t<\/div>\n<\/article>\n            <article class=\"eltdf-hspl-item post-9607 portfolio-item type-portfolio-item status-publish has-post-thumbnail hentry portfolio-category-diseno-alta-costura portfolio-category-guadalupe-nanez\">\n    <div class=\"eltdf-hspl-item-inner\">\n        <div class=\"eltdf-hspl-item-holder-inner\">\n            <div class=\"eltdf-hspli-image\">\n\t<img width=\"326\" height=\"326\" src=\"https:\/\/xn--guadalupeaez-ihbb.com\/wp-content\/uploads\/2023\/03\/alta-costura-thumbnail.png\" class=\"attachment-full size-full wp-post-image\" alt=\"\" loading=\"lazy\" srcset=\"https:\/\/xn--guadalupeaez-ihbb.com\/wp-content\/uploads\/2023\/03\/alta-costura-thumbnail.png 326w, https:\/\/xn--guadalupeaez-ihbb.com\/wp-content\/uploads\/2023\/03\/alta-costura-thumbnail-300x300.png 300w, https:\/\/xn--guadalupeaez-ihbb.com\/wp-content\/uploads\/2023\/03\/alta-costura-thumbnail-150x150.png 150w\" sizes=\"(max-width: 326px) 100vw, 326px\" \/><\/div>            <div class=\"eltdf-hspl-item-title-holder\">\n                \n<h4 itemprop=\"name\" class=\"eltdf-hspli-title entry-title\">\n    Dise\u00f1o de Alta Costura<\/h4>\n            <\/div>\n            <div class=\"eltdf-hspli-category-side-holder\">\n                    <div class=\"eltdf-hspli-category-holder\">\n        <h6 class=\"eltdf-hspli-category-name\">\n                    <a itemprop=\"url\" class=\"eltdf-hspli-category\" href=\"https:\/\/xn--guadalupeaez-ihbb.com\/?portfolio-category=diseno-alta-costura\">Dise\u00f1o Alta Costura<\/a>\n                    <a itemprop=\"url\" class=\"eltdf-hspli-category\" href=\"https:\/\/xn--guadalupeaez-ihbb.com\/?portfolio-category=guadalupe-nanez\">Guadalupe \u00d1a\u00f1ez<\/a>\n                <\/h6>\n    <\/div>\n            <\/div>\n            <a itemprop=\"url\" class=\"eltdf-hspli-link\" href=\"https:\/\/xn--guadalupeaez-ihbb.com\/?portfolio-item=diseno-de-alta-costura\" target=\"_self\"><\/a>\n        <\/div>\n    <\/div>\n<\/article><article class=\"eltdf-hspl-item post-9564 portfolio-item type-portfolio-item status-publish has-post-thumbnail hentry portfolio-category-diseno-adaptado portfolio-category-guadalupe-nanez\">\n    <div class=\"eltdf-hspl-item-inner\">\n        <div class=\"eltdf-hspl-item-holder-inner\">\n            <div class=\"eltdf-hspli-image\">\n\t<img width=\"326\" height=\"326\" src=\"https:\/\/xn--guadalupeaez-ihbb.com\/wp-content\/uploads\/2023\/03\/diseno-adaptado-thumbnail.png\" class=\"attachment-full size-full wp-post-image\" alt=\"\" loading=\"lazy\" srcset=\"https:\/\/xn--guadalupeaez-ihbb.com\/wp-content\/uploads\/2023\/03\/diseno-adaptado-thumbnail.png 326w, https:\/\/xn--guadalupeaez-ihbb.com\/wp-content\/uploads\/2023\/03\/diseno-adaptado-thumbnail-300x300.png 300w, https:\/\/xn--guadalupeaez-ihbb.com\/wp-content\/uploads\/2023\/03\/diseno-adaptado-thumbnail-150x150.png 150w, https:\/\/xn--guadalupeaez-ihbb.com\/wp-content\/uploads\/2023\/03\/diseno-adaptado-thumbnail-100x100.png 100w\" sizes=\"(max-width: 326px) 100vw, 326px\" \/><\/div>            <div class=\"eltdf-hspl-item-title-holder\">\n                \n<h4 itemprop=\"name\" class=\"eltdf-hspli-title entry-title\">\n    Dise\u00f1o de Indumentaria Adaptada<\/h4>\n            <\/div>\n            <div class=\"eltdf-hspli-category-side-holder\">\n                    <div class=\"eltdf-hspli-category-holder\">\n        <h6 class=\"eltdf-hspli-category-name\">\n                    <a itemprop=\"url\" class=\"eltdf-hspli-category\" href=\"https:\/\/xn--guadalupeaez-ihbb.com\/?portfolio-category=diseno-adaptado\">Dise\u00f1o Adaptado<\/a>\n                    <a itemprop=\"url\" class=\"eltdf-hspli-category\" href=\"https:\/\/xn--guadalupeaez-ihbb.com\/?portfolio-category=guadalupe-nanez\">Guadalupe \u00d1a\u00f1ez<\/a>\n                <\/h6>\n    <\/div>\n            <\/div>\n            <a itemprop=\"url\" class=\"eltdf-hspli-link\" href=\"https:\/\/xn--guadalupeaez-ihbb.com\/?portfolio-item=diseno-de-indumentaria-adaptada-2\" target=\"_self\"><\/a>\n        <\/div>\n    <\/div>\n<\/article><article class=\"eltdf-hspl-item post-9562 portfolio-item type-portfolio-item status-publish has-post-thumbnail hentry portfolio-category-diseno-infantil portfolio-category-guadalupe-nanez\">\n    <div class=\"eltdf-hspl-item-inner\">\n        <div class=\"eltdf-hspl-item-holder-inner\">\n            <div class=\"eltdf-hspli-image\">\n\t<img width=\"326\" height=\"326\" src=\"https:\/\/xn--guadalupeaez-ihbb.com\/wp-content\/uploads\/2023\/03\/diseno-infantil-thumbnail.png\" class=\"attachment-full size-full wp-post-image\" alt=\"\" loading=\"lazy\" srcset=\"https:\/\/xn--guadalupeaez-ihbb.com\/wp-content\/uploads\/2023\/03\/diseno-infantil-thumbnail.png 326w, https:\/\/xn--guadalupeaez-ihbb.com\/wp-content\/uploads\/2023\/03\/diseno-infantil-thumbnail-300x300.png 300w, https:\/\/xn--guadalupeaez-ihbb.com\/wp-content\/uploads\/2023\/03\/diseno-infantil-thumbnail-150x150.png 150w, https:\/\/xn--guadalupeaez-ihbb.com\/wp-content\/uploads\/2023\/03\/diseno-infantil-thumbnail-100x100.png 100w\" sizes=\"(max-width: 326px) 100vw, 326px\" \/><\/div>            <div class=\"eltdf-hspl-item-title-holder\">\n                \n<h4 itemprop=\"name\" class=\"eltdf-hspli-title entry-title\">\n    Dise\u00f1o Comercial Infantil<\/h4>\n            <\/div>\n            <div class=\"eltdf-hspli-category-side-holder\">\n                    <div class=\"eltdf-hspli-category-holder\">\n        <h6 class=\"eltdf-hspli-category-name\">\n                    <a itemprop=\"url\" class=\"eltdf-hspli-category\" href=\"https:\/\/xn--guadalupeaez-ihbb.com\/?portfolio-category=diseno-infantil\">Dise\u00f1o Infantil<\/a>\n                    <a itemprop=\"url\" class=\"eltdf-hspli-category\" href=\"https:\/\/xn--guadalupeaez-ihbb.com\/?portfolio-category=guadalupe-nanez\">Guadalupe \u00d1a\u00f1ez<\/a>\n                <\/h6>\n    <\/div>\n            <\/div>\n            <a itemprop=\"url\" class=\"eltdf-hspli-link\" href=\"https:\/\/xn--guadalupeaez-ihbb.com\/?portfolio-item=diseno-comercial-infantil-2\" target=\"_self\"><\/a>\n        <\/div>\n    <\/div>\n<\/article><article class=\"eltdf-hspl-item post-9560 portfolio-item type-portfolio-item status-publish has-post-thumbnail hentry portfolio-category-indumentaria-deportiva portfolio-category-guadalupe-nanez\">\n    <div class=\"eltdf-hspl-item-inner\">\n        <div class=\"eltdf-hspl-item-holder-inner\">\n            <div class=\"eltdf-hspli-image\">\n\t<img width=\"326\" height=\"326\" src=\"https:\/\/xn--guadalupeaez-ihbb.com\/wp-content\/uploads\/2023\/03\/indumentaria-deportiva-thumbnail.png\" class=\"attachment-full size-full wp-post-image\" alt=\"\" loading=\"lazy\" srcset=\"https:\/\/xn--guadalupeaez-ihbb.com\/wp-content\/uploads\/2023\/03\/indumentaria-deportiva-thumbnail.png 326w, https:\/\/xn--guadalupeaez-ihbb.com\/wp-content\/uploads\/2023\/03\/indumentaria-deportiva-thumbnail-300x300.png 300w, https:\/\/xn--guadalupeaez-ihbb.com\/wp-content\/uploads\/2023\/03\/indumentaria-deportiva-thumbnail-150x150.png 150w, https:\/\/xn--guadalupeaez-ihbb.com\/wp-content\/uploads\/2023\/03\/indumentaria-deportiva-thumbnail-100x100.png 100w\" sizes=\"(max-width: 326px) 100vw, 326px\" \/><\/div>            <div class=\"eltdf-hspl-item-title-holder\">\n                \n<h4 itemprop=\"name\" class=\"eltdf-hspli-title entry-title\">\n    Dise\u00f1o de Indumentaria Deportiva<\/h4>\n            <\/div>\n            <div class=\"eltdf-hspli-category-side-holder\">\n                    <div class=\"eltdf-hspli-category-holder\">\n        <h6 class=\"eltdf-hspli-category-name\">\n                    <a itemprop=\"url\" class=\"eltdf-hspli-category\" href=\"https:\/\/xn--guadalupeaez-ihbb.com\/?portfolio-category=indumentaria-deportiva\">Dise\u00f1o Indum. Deportiva<\/a>\n                    <a itemprop=\"url\" class=\"eltdf-hspli-category\" href=\"https:\/\/xn--guadalupeaez-ihbb.com\/?portfolio-category=guadalupe-nanez\">Guadalupe \u00d1a\u00f1ez<\/a>\n                <\/h6>\n    <\/div>\n            <\/div>\n            <a itemprop=\"url\" class=\"eltdf-hspli-link\" href=\"https:\/\/xn--guadalupeaez-ihbb.com\/?portfolio-item=diseno-de-indumentaria-deportiva-2\" target=\"_self\"><\/a>\n        <\/div>\n    <\/div>\n<\/article><article class=\"eltdf-hspl-item post-9558 portfolio-item type-portfolio-item status-publish has-post-thumbnail hentry portfolio-category-diseno-de-accesorios portfolio-category-guadalupe-nanez\">\n    <div class=\"eltdf-hspl-item-inner\">\n        <div class=\"eltdf-hspl-item-holder-inner\">\n            <div class=\"eltdf-hspli-image\">\n\t<img width=\"326\" height=\"326\" src=\"https:\/\/xn--guadalupeaez-ihbb.com\/wp-content\/uploads\/2023\/03\/diseno-accesorio-thumbnail.png\" class=\"attachment-full size-full wp-post-image\" alt=\"\" loading=\"lazy\" srcset=\"https:\/\/xn--guadalupeaez-ihbb.com\/wp-content\/uploads\/2023\/03\/diseno-accesorio-thumbnail.png 326w, https:\/\/xn--guadalupeaez-ihbb.com\/wp-content\/uploads\/2023\/03\/diseno-accesorio-thumbnail-300x300.png 300w, https:\/\/xn--guadalupeaez-ihbb.com\/wp-content\/uploads\/2023\/03\/diseno-accesorio-thumbnail-150x150.png 150w, https:\/\/xn--guadalupeaez-ihbb.com\/wp-content\/uploads\/2023\/03\/diseno-accesorio-thumbnail-100x100.png 100w\" sizes=\"(max-width: 326px) 100vw, 326px\" \/><\/div>            <div class=\"eltdf-hspl-item-title-holder\">\n                \n<h4 itemprop=\"name\" class=\"eltdf-hspli-title entry-title\">\n    Dise\u00f1o de Accesorios<\/h4>\n            <\/div>\n            <div class=\"eltdf-hspli-category-side-holder\">\n                    <div class=\"eltdf-hspli-category-holder\">\n        <h6 class=\"eltdf-hspli-category-name\">\n                    <a itemprop=\"url\" class=\"eltdf-hspli-category\" href=\"https:\/\/xn--guadalupeaez-ihbb.com\/?portfolio-category=diseno-de-accesorios\">Dise\u00f1o de Accesorios<\/a>\n                    <a itemprop=\"url\" class=\"eltdf-hspli-category\" href=\"https:\/\/xn--guadalupeaez-ihbb.com\/?portfolio-category=guadalupe-nanez\">Guadalupe \u00d1a\u00f1ez<\/a>\n                <\/h6>\n    <\/div>\n            <\/div>\n            <a itemprop=\"url\" class=\"eltdf-hspli-link\" href=\"https:\/\/xn--guadalupeaez-ihbb.com\/?portfolio-item=diseno-de-accesorios-2\" target=\"_self\"><\/a>\n        <\/div>\n    <\/div>\n<\/article><article class=\"eltdf-hspl-item post-9556 portfolio-item type-portfolio-item status-publish has-post-thumbnail hentry portfolio-category-diseno-sustentable portfolio-category-guadalupe-nanez\">\n    <div class=\"eltdf-hspl-item-inner\">\n        <div class=\"eltdf-hspl-item-holder-inner\">\n            <div class=\"eltdf-hspli-image\">\n\t<img width=\"326\" height=\"326\" src=\"https:\/\/xn--guadalupeaez-ihbb.com\/wp-content\/uploads\/2023\/03\/diseno-sustentable-thumbnail.png\" class=\"attachment-full size-full wp-post-image\" alt=\"\" loading=\"lazy\" srcset=\"https:\/\/xn--guadalupeaez-ihbb.com\/wp-content\/uploads\/2023\/03\/diseno-sustentable-thumbnail.png 326w, https:\/\/xn--guadalupeaez-ihbb.com\/wp-content\/uploads\/2023\/03\/diseno-sustentable-thumbnail-300x300.png 300w, https:\/\/xn--guadalupeaez-ihbb.com\/wp-content\/uploads\/2023\/03\/diseno-sustentable-thumbnail-150x150.png 150w, https:\/\/xn--guadalupeaez-ihbb.com\/wp-content\/uploads\/2023\/03\/diseno-sustentable-thumbnail-100x100.png 100w\" sizes=\"(max-width: 326px) 100vw, 326px\" \/><\/div>            <div class=\"eltdf-hspl-item-title-holder\">\n                \n<h4 itemprop=\"name\" class=\"eltdf-hspli-title entry-title\">\n    Dise\u00f1o Sustentable<\/h4>\n            <\/div>\n            <div class=\"eltdf-hspli-category-side-holder\">\n                    <div class=\"eltdf-hspli-category-holder\">\n        <h6 class=\"eltdf-hspli-category-name\">\n                    <a itemprop=\"url\" class=\"eltdf-hspli-category\" href=\"https:\/\/xn--guadalupeaez-ihbb.com\/?portfolio-category=diseno-sustentable\">Dise\u00f1o Sustentable<\/a>\n                    <a itemprop=\"url\" class=\"eltdf-hspli-category\" href=\"https:\/\/xn--guadalupeaez-ihbb.com\/?portfolio-category=guadalupe-nanez\">Guadalupe \u00d1a\u00f1ez<\/a>\n                <\/h6>\n    <\/div>\n            <\/div>\n            <a itemprop=\"url\" class=\"eltdf-hspli-link\" href=\"https:\/\/xn--guadalupeaez-ihbb.com\/?portfolio-item=diseno-sustentable-2\" target=\"_self\"><\/a>\n        <\/div>\n    <\/div>\n<\/article><article class=\"eltdf-hspl-item post-9547 portfolio-item type-portfolio-item status-publish has-post-thumbnail hentry portfolio-category-diseno-experimental portfolio-category-guadalupe-nanez\">\n    <div class=\"eltdf-hspl-item-inner\">\n        <div class=\"eltdf-hspl-item-holder-inner\">\n            <div class=\"eltdf-hspli-image\">\n\t<img width=\"326\" height=\"326\" src=\"https:\/\/xn--guadalupeaez-ihbb.com\/wp-content\/uploads\/2023\/03\/diseno-experimental-thumbnail.png\" class=\"attachment-full size-full wp-post-image\" alt=\"\" loading=\"lazy\" srcset=\"https:\/\/xn--guadalupeaez-ihbb.com\/wp-content\/uploads\/2023\/03\/diseno-experimental-thumbnail.png 326w, https:\/\/xn--guadalupeaez-ihbb.com\/wp-content\/uploads\/2023\/03\/diseno-experimental-thumbnail-300x300.png 300w, https:\/\/xn--guadalupeaez-ihbb.com\/wp-content\/uploads\/2023\/03\/diseno-experimental-thumbnail-150x150.png 150w, https:\/\/xn--guadalupeaez-ihbb.com\/wp-content\/uploads\/2023\/03\/diseno-experimental-thumbnail-100x100.png 100w\" sizes=\"(max-width: 326px) 100vw, 326px\" \/><\/div>            <div class=\"eltdf-hspl-item-title-holder\">\n                \n<h4 itemprop=\"name\" class=\"eltdf-hspli-title entry-title\">\n    Dise\u00f1o Experimental<\/h4>\n            <\/div>\n            <div class=\"eltdf-hspli-category-side-holder\">\n                    <div class=\"eltdf-hspli-category-holder\">\n        <h6 class=\"eltdf-hspli-category-name\">\n                    <a itemprop=\"url\" class=\"eltdf-hspli-category\" href=\"https:\/\/xn--guadalupeaez-ihbb.com\/?portfolio-category=diseno-experimental\">Dise\u00f1o Experimental<\/a>\n                    <a itemprop=\"url\" class=\"eltdf-hspli-category\" href=\"https:\/\/xn--guadalupeaez-ihbb.com\/?portfolio-category=guadalupe-nanez\">Guadalupe \u00d1a\u00f1ez<\/a>\n                <\/h6>\n    <\/div>\n            <\/div>\n            <a itemprop=\"url\" class=\"eltdf-hspli-link\" href=\"https:\/\/xn--guadalupeaez-ihbb.com\/?portfolio-item=diseno-experimental-2\" target=\"_self\"><\/a>\n        <\/div>\n    <\/div>\n<\/article><article class=\"eltdf-hspl-item post-9605 portfolio-item type-portfolio-item status-publish has-post-thumbnail hentry portfolio-category-invisible\">\n    <div class=\"eltdf-hspl-item-inner\">\n        <div class=\"eltdf-hspl-item-holder-inner\">\n            <div class=\"eltdf-hspli-image\">\n\t<img width=\"326\" height=\"326\" src=\"https:\/\/xn--guadalupeaez-ihbb.com\/wp-content\/uploads\/2023\/03\/diseno-experimental-thumbnail.png\" class=\"attachment-full size-full wp-post-image\" alt=\"\" loading=\"lazy\" srcset=\"https:\/\/xn--guadalupeaez-ihbb.com\/wp-content\/uploads\/2023\/03\/diseno-experimental-thumbnail.png 326w, https:\/\/xn--guadalupeaez-ihbb.com\/wp-content\/uploads\/2023\/03\/diseno-experimental-thumbnail-300x300.png 300w, https:\/\/xn--guadalupeaez-ihbb.com\/wp-content\/uploads\/2023\/03\/diseno-experimental-thumbnail-150x150.png 150w, https:\/\/xn--guadalupeaez-ihbb.com\/wp-content\/uploads\/2023\/03\/diseno-experimental-thumbnail-100x100.png 100w\" sizes=\"(max-width: 326px) 100vw, 326px\" \/><\/div>            <div class=\"eltdf-hspl-item-title-holder\">\n                \n<h4 itemprop=\"name\" class=\"eltdf-hspli-title entry-title\">\n    Invisible<\/h4>\n            <\/div>\n            <div class=\"eltdf-hspli-category-side-holder\">\n                    <div class=\"eltdf-hspli-category-holder\">\n        <h6 class=\"eltdf-hspli-category-name\">\n                    <a itemprop=\"url\" class=\"eltdf-hspli-category\" href=\"https:\/\/xn--guadalupeaez-ihbb.com\/?portfolio-category=invisible\">invisible<\/a>\n                <\/h6>\n    <\/div>\n            <\/div>\n            <a itemprop=\"url\" class=\"eltdf-hspli-link\" href=\"https:\/\/xn--guadalupeaez-ihbb.com\/?portfolio-item=invisible\" target=\"_self\"><\/a>\n        <\/div>\n    <\/div>\n<\/article>        <\/div>\n    <\/div>\n<\/div>\t\t<\/div>\n\t\t\t\t<\/div>\n\t\t\t\t\t<\/div>\n\t\t<\/div>\n\t\t\t\t\t\t\t<\/div>\n\t\t<\/section>\n\t\t\t\t\t\t\t<\/div>\n\t\t","protected":false},"excerpt":{"rendered":"<p>Sobre m\u00ed Sobre M\u00ed Dise\u00f1o de Indumentaria Adaptada Dise\u00f1o Adaptado Guadalupe \u00d1a\u00f1ez Dise\u00f1o Comercial Infantil Dise\u00f1o Infantil Guadalupe \u00d1a\u00f1ez Dise\u00f1o de Indumentaria Deportiva Dise\u00f1o Indum. Deportiva Guadalupe \u00d1a\u00f1ez Dise\u00f1o de Accesorios Dise\u00f1o de Accesorios Guadalupe \u00d1a\u00f1ez Dise\u00f1o Sustentable Dise\u00f1o Sustentable [&hellip;]<\/p>\n","protected":false},"author":1,"featured_media":0,"parent":1497,"menu_order":0,"comment_status":"closed","ping_status":"closed","template":"full-width.php","meta":{"om_disable_all_campaigns":false},"aioseo_notices":[],"_links":{"self":[{"href":"https:\/\/xn--guadalupeaez-ihbb.com\/index.php?rest_route=\/wp\/v2\/pages\/4111"}],"collection":[{"href":"https:\/\/xn--guadalupeaez-ihbb.com\/index.php?rest_route=\/wp\/v2\/pages"}],"about":[{"href":"https:\/\/xn--guadalupeaez-ihbb.com\/index.php?rest_route=\/wp\/v2\/types\/page"}],"author":[{"embeddable":true,"href":"https:\/\/xn--guadalupeaez-ihbb.com\/index.php?rest_route=\/wp\/v2\/users\/1"}],"replies":[{"embeddable":true,"href":"https:\/\/xn--guadalupeaez-ihbb.com\/index.php?rest_route=%2Fwp%2Fv2%2Fcomments&post=4111"}],"version-history":[{"count":10,"href":"https:\/\/xn--guadalupeaez-ihbb.com\/index.php?rest_route=\/wp\/v2\/pages\/4111\/revisions"}],"predecessor-version":[{"id":9585,"href":"https:\/\/xn--guadalupeaez-ihbb.com\/index.php?rest_route=\/wp\/v2\/pages\/4111\/revisions\/9585"}],"up":[{"embeddable":true,"href":"https:\/\/xn--guadalupeaez-ihbb.com\/index.php?rest_route=\/wp\/v2\/pages\/1497"}],"wp:attachment":[{"href":"https:\/\/xn--guadalupeaez-ihbb.com\/index.php?rest_route=%2Fwp%2Fv2%2Fmedia&parent=4111"}],"curies":[{"name":"wp","href":"https:\/\/api.w.org\/{rel}","templated":true}]}}