{"id":74,"date":"2018-07-05T08:57:52","date_gmt":"2018-07-05T08:57:52","guid":{"rendered":"https:\/\/sahel.qodeinteractive.com\/elementor\/?page_id=74"},"modified":"2023-05-16T23:33:51","modified_gmt":"2023-05-16T23:33:51","slug":"about-me","status":"publish","type":"page","link":"https:\/\/xn--guadalupeaez-ihbb.com\/?page_id=74","title":{"rendered":"Sobre M\u00ed"},"content":{"rendered":"\t\t<div data-elementor-type=\"wp-page\" data-elementor-id=\"74\" class=\"elementor elementor-74\">\n\t\t\t\t\t\t\t\t\t<section class=\"eltdf-parallax-row-holder elementor-section elementor-top-section elementor-element elementor-element-5b21b1b5 elementor-section-full_width eltdf-parallax-row-holder eltdf-elementor-row-grid-section parallax-scroll-image elementor-section-height-default elementor-section-height-default eltdf-content-aligment-left eltdf-disabled-bg-image-bellow-no\" data-parallax-bg-speed=\"1\" data-parallax-bg-image=\"http:\/\/xn--guadalupeaez-ihbb.com\/wp-content\/uploads\/2023\/05\/about-me-parallax-1.png\" data-parallax-bg-height=\"0\" data-dynamic-bgrnd=\"#EAD5D1\" data-id=\"5b21b1b5\" data-element_type=\"section\" data-settings=\"{&quot;background_background&quot;:&quot;classic&quot;,&quot;select_parallax_image&quot;:{&quot;url&quot;:&quot;http:\\\/\\\/xn--guadalupeaez-ihbb.com\\\/wp-content\\\/uploads\\\/2023\\\/05\\\/about-me-parallax-1.png&quot;,&quot;id&quot;:9601,&quot;alt&quot;:&quot;&quot;,&quot;source&quot;:&quot;library&quot;}}\">\n\t\t\t\t\t\t<div class=\"elementor-container elementor-column-gap-default\">\n\t\t\t\t\t<div class=\"elementor-column elementor-col-100 elementor-top-column elementor-element elementor-element-9759997\" data-id=\"9759997\" data-element_type=\"column\">\n\t\t\t<div class=\"elementor-widget-wrap elementor-element-populated\">\n\t\t\t\t\t\t\t\t<section class=\"elementor-section elementor-inner-section elementor-element elementor-element-fab67a4 elementor-section-full_width eltdf-elementor-row-grid-section elementor-section-height-default elementor-section-height-default eltdf-parallax-row-no eltdf-content-aligment-left eltdf-disabled-bg-image-bellow-no\" data-id=\"fab67a4\" data-element_type=\"section\">\n\t\t\t\t\t\t<div class=\"elementor-container elementor-column-gap-default\">\n\t\t\t\t\t<div class=\"elementor-column elementor-col-50 elementor-inner-column elementor-element elementor-element-cc4b36b\" data-id=\"cc4b36b\" data-element_type=\"column\">\n\t\t\t<div class=\"elementor-widget-wrap elementor-element-populated\">\n\t\t\t\t\t\t\t\t<div class=\"elementor-element elementor-element-695cbdb elementor-widget__width-initial elementor-widget-tablet__width-initial elementor-widget-mobile__width-initial elementor-widget elementor-widget-eltdf_section_title\" data-id=\"695cbdb\" data-element_type=\"widget\" data-widget_type=\"eltdf_section_title.default\">\n\t\t\t\t<div class=\"elementor-widget-container\">\n\t\t\t<div class=\"eltdf-section-title-holder  eltdf-st-standard eltdf-st-title-left eltdf-st-normal-space \" >\n\t<div class=\"eltdf-st-inner\">\n\t\t\n        \n\t\t\t\t\t<h1 class=\"eltdf-st-title\" >\n\t\t\t\t<span>\n\t\t\t\tSobre m\u00ed\t\t\t\t<\/span>\n\t\t\t<\/h1>\n\t\t\t\t\t\t\t<p class=\"eltdf-st-text\" style=\"margin-top: 34px\">\n\t\t\t\t\u00a1Hola! <br>\nSoy Guadalupe \u00d1a\u00f1ez, Licenciada en Dise\u00f1o de Indumentaria, graduada en la Universidad Empresarial Siglo 21, en C\u00f3rdoba, Argentina. Desde joven, he sido apasionada por el dise\u00f1o de moda y me he especializado en la alta costura, buscando siempre la excelencia en cada prenda que creo.\n<br><br>\nAdem\u00e1s de mi amor por la moda, estoy comprometida con la sustentabilidad y el bienestar animal. Por ello, busco siempre utilizar materiales respetuosos con el medio ambiente y t\u00e9cnicas de producci\u00f3n sostenibles, sin dejar de lado la elegancia y el estilo que caracterizan a mis dise\u00f1os.\n<br><br>\nMi enfoque en la moda es crear prendas atemporales y elegantes que reflejen la personalidad y el estilo de quien las use. En mi carrera, he trabajado en varios proyectos en los que he logrado desarrollar mi habilidad para combinar la t\u00e9cnica y la creatividad en cada dise\u00f1o.\n<br><br>\nMe siento motivada para seguir explorando y aprendiendo en el mundo de la moda, para as\u00ed poder ofrecer a mis futuros clientes soluciones innovadoras y efectivas en cada proyecto. Me esfuerzo por crear piezas \u00fanicas y personalizadas que reflejen la belleza y la elegancia en su m\u00e1xima expresi\u00f3n.\n<br><br>\nGracias por visitar mi p\u00e1gina de portfolio.\t\t\t<\/p>\n\t\t\t<\/div>\n<\/div>\t\t<\/div>\n\t\t\t\t<\/div>\n\t\t\t\t<div class=\"elementor-element elementor-element-7a02946 elementor-widget elementor-widget-eltdf_separator\" data-id=\"7a02946\" data-element_type=\"widget\" data-widget_type=\"eltdf_separator.default\">\n\t\t\t\t<div class=\"elementor-widget-container\">\n\t\t\t<div class=\"eltdf-separator-holder clearfix  eltdf-separator-center eltdf-separator-normal\">\n\t<div class=\"eltdf-separator\" style=\"border-bottom-width: 0px;margin-top: 20px\">\n\t\t    <span class=\"eltdf-separator-line\"><\/span>\n            <span class=\"eltdf-separator-line\"><\/span>\n\t<\/div>\n<\/div>\n\t\t<\/div>\n\t\t\t\t<\/div>\n\t\t\t\t<div class=\"elementor-element elementor-element-8df9297 elementor-widget elementor-widget-text-editor\" data-id=\"8df9297\" data-element_type=\"widget\" data-widget_type=\"text-editor.default\">\n\t\t\t\t<div class=\"elementor-widget-container\">\n\t\t\t<style>\/*! elementor - v3.7.8 - 02-10-2022 *\/\n.elementor-widget-text-editor.elementor-drop-cap-view-stacked .elementor-drop-cap{background-color:#818a91;color:#fff}.elementor-widget-text-editor.elementor-drop-cap-view-framed .elementor-drop-cap{color:#818a91;border:3px solid;background-color:transparent}.elementor-widget-text-editor:not(.elementor-drop-cap-view-default) .elementor-drop-cap{margin-top:8px}.elementor-widget-text-editor:not(.elementor-drop-cap-view-default) .elementor-drop-cap-letter{width:1em;height:1em}.elementor-widget-text-editor .elementor-drop-cap{float:left;text-align:center;line-height:1;font-size:50px}.elementor-widget-text-editor .elementor-drop-cap-letter{display:inline-block}<\/style>\t\t\t\t<h4>Contacto<\/h4>\t\t\t\t\t\t<\/div>\n\t\t\t\t<\/div>\n\t\t\t\t<div class=\"elementor-element elementor-element-e08a363 elementor-widget elementor-widget-eltdf_separator\" data-id=\"e08a363\" data-element_type=\"widget\" data-widget_type=\"eltdf_separator.default\">\n\t\t\t\t<div class=\"elementor-widget-container\">\n\t\t\t<div class=\"eltdf-separator-holder clearfix  eltdf-separator-center eltdf-separator-normal\">\n\t<div class=\"eltdf-separator\" style=\"border-bottom-width: 0px;margin-top: 0px\">\n\t\t    <span class=\"eltdf-separator-line\"><\/span>\n            <span class=\"eltdf-separator-line\"><\/span>\n\t<\/div>\n<\/div>\n\t\t<\/div>\n\t\t\t\t<\/div>\n\t\t\t\t<div class=\"elementor-element elementor-element-6843633 elementor-widget__width-initial elementor-widget elementor-widget-text-editor\" data-id=\"6843633\" data-element_type=\"widget\" data-widget_type=\"text-editor.default\">\n\t\t\t\t<div class=\"elementor-widget-container\">\n\t\t\t\t\t\t\t<p><span style=\"color: #7e7e7e;\"><a style=\"color: #7e7e7e;\" href=\"mailto:guada.cn@gmail.com\" target=\"_blank\" rel=\"noopener noreferrer\">guada.cn@gmail.com<\/a><\/span><br \/>WhatsApp:<span style=\"color: #7e7e7e;\"><a style=\"color: #7e7e7e;\" href=\"https:\/\/api.whatsapp.com\/send?phone=5493513431827\"> +54 9 3513 43-1827<\/a><\/span><\/p>\t\t\t\t\t\t<\/div>\n\t\t\t\t<\/div>\n\t\t\t\t<div class=\"elementor-element elementor-element-7614d74 elementor-widget elementor-widget-eltdf_separator\" data-id=\"7614d74\" data-element_type=\"widget\" data-widget_type=\"eltdf_separator.default\">\n\t\t\t\t<div class=\"elementor-widget-container\">\n\t\t\t<div class=\"eltdf-separator-holder clearfix  eltdf-separator-center eltdf-separator-normal\">\n\t<div class=\"eltdf-separator\" style=\"border-bottom-width: 0px;margin-top: 21px\">\n\t\t    <span class=\"eltdf-separator-line\"><\/span>\n            <span class=\"eltdf-separator-line\"><\/span>\n\t<\/div>\n<\/div>\n\t\t<\/div>\n\t\t\t\t<\/div>\n\t\t\t\t<div class=\"elementor-element elementor-element-ced48ce elementor-widget elementor-widget-eltdf_separator\" data-id=\"ced48ce\" data-element_type=\"widget\" data-widget_type=\"eltdf_separator.default\">\n\t\t\t\t<div class=\"elementor-widget-container\">\n\t\t\t<div class=\"eltdf-separator-holder clearfix  eltdf-separator-center eltdf-separator-normal\">\n\t<div class=\"eltdf-separator\" style=\"border-bottom-width: 0px;margin-top: 10px\">\n\t\t    <span class=\"eltdf-separator-line\"><\/span>\n            <span class=\"eltdf-separator-line\"><\/span>\n\t<\/div>\n<\/div>\n\t\t<\/div>\n\t\t\t\t<\/div>\n\t\t\t\t\t<\/div>\n\t\t<\/div>\n\t\t\t\t<div class=\"elementor-column elementor-col-50 elementor-inner-column elementor-element elementor-element-ae18f73\" data-id=\"ae18f73\" data-element_type=\"column\">\n\t\t\t<div class=\"elementor-widget-wrap\">\n\t\t\t\t\t\t\t\t\t<\/div>\n\t\t<\/div>\n\t\t\t\t\t\t\t<\/div>\n\t\t<\/section>\n\t\t\t\t\t<\/div>\n\t\t<\/div>\n\t\t\t\t\t\t\t<\/div>\n\t\t<\/section>\n\t\t\t\t\t\t\t<\/div>\n\t\t","protected":false},"excerpt":{"rendered":"<p>Sobre m\u00ed \u00a1Hola! Soy Guadalupe \u00d1a\u00f1ez, Licenciada en Dise\u00f1o de Indumentaria, graduada en la Universidad Empresarial Siglo 21, en C\u00f3rdoba, Argentina. Desde joven, he sido apasionada por el dise\u00f1o de moda y me he especializado en la alta costura, buscando [&hellip;]<\/p>\n","protected":false},"author":1,"featured_media":0,"parent":0,"menu_order":0,"comment_status":"closed","ping_status":"closed","template":"full-width.php","meta":{"om_disable_all_campaigns":false},"aioseo_notices":[],"_links":{"self":[{"href":"https:\/\/xn--guadalupeaez-ihbb.com\/index.php?rest_route=\/wp\/v2\/pages\/74"}],"collection":[{"href":"https:\/\/xn--guadalupeaez-ihbb.com\/index.php?rest_route=\/wp\/v2\/pages"}],"about":[{"href":"https:\/\/xn--guadalupeaez-ihbb.com\/index.php?rest_route=\/wp\/v2\/types\/page"}],"author":[{"embeddable":true,"href":"https:\/\/xn--guadalupeaez-ihbb.com\/index.php?rest_route=\/wp\/v2\/users\/1"}],"replies":[{"embeddable":true,"href":"https:\/\/xn--guadalupeaez-ihbb.com\/index.php?rest_route=%2Fwp%2Fv2%2Fcomments&post=74"}],"version-history":[{"count":10,"href":"https:\/\/xn--guadalupeaez-ihbb.com\/index.php?rest_route=\/wp\/v2\/pages\/74\/revisions"}],"predecessor-version":[{"id":9604,"href":"https:\/\/xn--guadalupeaez-ihbb.com\/index.php?rest_route=\/wp\/v2\/pages\/74\/revisions\/9604"}],"wp:attachment":[{"href":"https:\/\/xn--guadalupeaez-ihbb.com\/index.php?rest_route=%2Fwp%2Fv2%2Fmedia&parent=74"}],"curies":[{"name":"wp","href":"https:\/\/api.w.org\/{rel}","templated":true}]}}